{"id":28,"date":"2025-07-16T21:06:18","date_gmt":"2025-07-16T21:06:18","guid":{"rendered":"http:\/\/valletdanse.net\/newsite\/?page_id=28"},"modified":"2026-03-03T21:38:53","modified_gmt":"2026-03-03T21:38:53","slug":"qui-sommes-nous","status":"publish","type":"page","link":"https:\/\/valletdanse.net\/index.php\/qui-sommes-nous\/","title":{"rendered":"Les Professeurs"},"content":{"rendered":"\n<div class=\"wp-block-columns is-layout-flex wp-container-core-columns-is-layout-cf05694f wp-block-columns-is-layout-flex\">\n<div class=\"wp-block-column has-white-color has-text-color has-link-color wp-elements-960f3c2185d785aed17736f7b3f11001 is-layout-flow wp-block-column-is-layout-flow\">\n<div class=\"wp-block-columns is-layout-flex wp-container-core-columns-is-layout-28f84493 wp-block-columns-is-layout-flex\">\n<div class=\"wp-block-column is-layout-flow wp-block-column-is-layout-flow\">\n<h2 class=\"wp-block-heading\">Sonia Bouhiron<\/h2>\n\n\n\n<p>Enseigne le&nbsp;<strong>Modern&rsquo;Jazz<\/strong> aux enfants d\u00e8s l&rsquo;\u00e2ge de 4 ans jusqu&rsquo;\u00e0 14 ans, le mercredi et le jeudi.&nbsp;Ainsi que la \u00ab\u00a0<strong>Danse Adapt\u00e9e<\/strong>\u00a0\u00bb qui est une pratique qui tient compte des possibilit\u00e9s corporelles de chacun. Elle permet au danseur d&rsquo;\u00e9voluer \u00e0 son rythme, de prendre confiance dans ses propres capacit\u00e9s afin de lui permettre de s&rsquo;\u00e9panouir en dansant.<\/p>\n\n\n\n<p>\u00ab\u00a0Je vous invite \u00e0 venir partager quelques pas de danse avec moi.\u00a0\u00bb<\/p>\n<\/div>\n<\/div>\n\n\n\n<div class=\"wp-block-columns is-layout-flex wp-container-core-columns-is-layout-28f84493 wp-block-columns-is-layout-flex\">\n<div class=\"wp-block-column is-layout-flow wp-block-column-is-layout-flow\">\n<h2 class=\"wp-block-heading\">Laura Dufour<\/h2>\n\n\n\n<p>Enseigne la <strong>Danse Contemporaine<\/strong> d\u00e8s l&rsquo;\u00e2ge de 4 ans jusqu&rsquo;aux adultes, le mercredi et le vendredi.&nbsp;<\/p>\n\n\n\n<p>Enseigne la Danse Classique d\u00e8s 7 ans, le lundi.<\/p>\n\n\n\n<p>Enseigne l&rsquo;Atelier Cr\u00e9ation Chor\u00e9graphique du &nbsp;coll\u00e8ge jusqu&rsquo;aux adultes le mercredi.&nbsp;<\/p>\n\n\n\n<p>Professeur de danse contemporaine et danse classique depuis 2024 \u00e0 Vallet Danse, diplom\u00e9e d&rsquo;\u00e9tat depuis 2016.<\/p>\n\n\n\n<p>\u00ab\u00a0La danse a tr\u00e8s vite pris une place essentielle dans mon parcours et mon \u00e9volution.&nbsp;<\/p>\n\n\n\n<p>C&rsquo;est \u00e0 5 ans que j&rsquo;ai d\u00e9but\u00e9 la danse classique puis modern-jazz, en milieu associatif. A l&rsquo;adolescence, j&rsquo;ai int\u00e9gr\u00e9 le conservatoire d&rsquo;Angoul\u00eame en danse classique puis en contemporain pour continuer une ann\u00e9e au conservatoire d&rsquo;Angers en formation EAT.<\/p>\n\n\n\n<p>C&rsquo;est ensuite que je me suis form\u00e9e professionnellement au Centre National de Danse Contemporaine d&rsquo;Angers (2013-2015) puis au Pont Sup\u00e9rieur de Nantes o\u00f9 j&rsquo;ai obtenu le dipl\u00f4me d&rsquo;Etat de professeure de danse (2016).<\/p>\n\n\n\n<p>Depuis que j&rsquo;enseigne, j&rsquo;ai \u00e0 coeur de rendre la danse accessible \u00e0 tous, de d\u00e9velopper la cr\u00e9ativit\u00e9 et la sensibilit\u00e9 des \u00e9l\u00e8ves, de les accompagner dans le travail technique tout en leur permettant de s&rsquo;exprimer librement et de s&rsquo;\u00e9panouir au travers de la danse, de leur danse.<\/p>\n\n\n\n<p>Je fais appel \u00e0 mon parcours de danseuse interpr\u00e8te et chor\u00e9graphe, que j&rsquo;ai d\u00e9velopp\u00e9 entre 2015 et 2023 au sein de diff\u00e9rentes compagnies, pour partager ce qui me tient \u00e0 coeur dans la danse : la joie, l&rsquo;expression personnelle et la beaut\u00e9 du mouvement.\u00a0\u00bb<\/p>\n\n\n\n<p><\/p>\n<\/div>\n<\/div>\n<\/div>\n\n\n\n<div class=\"wp-block-column has-white-color has-text-color has-link-color wp-elements-1e5b1577f74eeed567165ffc1317c332 is-layout-flow wp-block-column-is-layout-flow\">\n<div class=\"wp-block-columns is-layout-flex wp-container-core-columns-is-layout-28f84493 wp-block-columns-is-layout-flex\">\n<div class=\"wp-block-column is-layout-flow wp-block-column-is-layout-flow\">\n<h2 class=\"wp-block-heading\">Komeng Ly<\/h2>\n\n\n\n<p>Enseigne le <strong>Hip-Ho<\/strong>p (break-dance et debout) d\u00e8s l&rsquo;\u00e2ge de 8 ans jusqu\u00a0\u00bbaux ados, le samedi apr\u00e8s-midi.&nbsp;<\/p>\n\n\n\n<p>Danseur de Breakdance (Hip-Hop) dans le groupe Hotmilk Breakers \u00e0 Cholet depuis 17 ans. Faisant parti de la troisi\u00e8me g\u00e9n\u00e9ration du groupe, Komeng s&rsquo;est form\u00e9 gr\u00e2ce \u00e0 l&rsquo;entourage de son groupe et a contribu\u00e9 \u00e0 enseigner son savoir aux g\u00e9n\u00e9rations suivantes. Plus jeune, il a particip\u00e9 \u00e0 de nombreux workshops, shows et battles (comp\u00e9titions).&nbsp;<\/p>\n\n\n\n<p>Dans sa p\u00e9dagogie Komeng aime transmettre les valeurs de la culture Hip-Hop tel que la volont\u00e9, la rigueur, la pers\u00e9v\u00e9rance et l&rsquo;esprit d&rsquo;\u00e9quipe tout en v\u00e9hiculant une \u00e9nergie positive et dynamique au sein de ses cours.&nbsp;<\/p>\n\n\n\n<p><\/p>\n\n\n\n<h2 class=\"wp-block-heading\">Corinne Lavalloir<\/h2>\n\n\n\n<p>Enseigne la <strong>Fit Dance<\/strong> du lyc\u00e9e (15 &#8211; 18 ans) &nbsp;jusqu&rsquo;aux adultes, le samedi.<\/p>\n\n\n\n<p>Professeur de Fitness depuis 2010, dipl\u00f4m\u00e9e du BP AGFF (Activit\u00e9 de la Forme et de la Force) mention Cours Collectif.<\/p>\n\n\n\n<p>Form\u00e9e initialement \u00e0 la danse JAZZ depuis l\u2019\u00e2ge de 5 ans et tr\u00e8s influenc\u00e9e ensuite par le courant \u00ab Modern Jazz \u00bb et \u00ab les Com\u00e9dies musicales \u00bb elle a suivi de nombreux cours et stages avec des chor\u00e9graphes comme : Serge PIERS, &nbsp;Fred LASSERRE, &nbsp;Nicole GUITTON, Bruno VANDELLI\u2026<\/p>\n\n\n\n<p>Cette influence lui permet de proposer des chor\u00e9graphies dont les mouvements et la gestuelle sont inspir\u00e9s du Modern Jazz et des courants actuels, ainsi que des cours bas\u00e9s sur les fondamentaux de la danse et du Jazz :<\/p>\n\n\n\n<p>&#8211; Apprentissage des bases et des techniques de danse, et de la coordination (d\u00e9boul\u00e9, pirouette, sauts, \u00e9quilibre, travail dans l\u2019espace, pas techniques\u2026)<\/p>\n\n\n\n<p>&#8211; Apprentissage du rythme, des diff\u00e9rents styles musicaux,<\/p>\n\n\n\n<p>&#8211; Acquisition du placement, du maintien corporel et de l\u2019expression sensorielle.<\/p>\n\n\n\n<p>De ces 2 passions est n\u00e9e la discipline \u00ab Gym Dance \u00bb qui devient aujourd\u2019hui comme une \u00e9vidence \u00ab FIT DANCE \u00bb<\/p>\n<\/div>\n<\/div>\n<\/div>\n<\/div>\n\n\n\n<h2 class=\"wp-block-heading has-white-color has-text-color has-link-color wp-elements-3cdc040c8ae214ac38ac30a882c4f429\">Organisation de l&rsquo;association<\/h2>\n\n\n\n<p class=\"has-white-color has-text-color has-link-color wp-elements-c645e628e62f8fbab9d9726851472d16\"><\/p>\n\n\n\n<figure class=\"wp-block-image aligncenter size-large\"><img loading=\"lazy\" decoding=\"async\" width=\"1024\" height=\"575\" src=\"https:\/\/valletdanse.net\/wp-content\/uploads\/2025\/12\/Vallet-Danse-Organigramme-v2-1024x575.png\" alt=\"\" class=\"wp-image-322\" srcset=\"https:\/\/valletdanse.net\/wp-content\/uploads\/2025\/12\/Vallet-Danse-Organigramme-v2-1024x575.png 1024w, https:\/\/valletdanse.net\/wp-content\/uploads\/2025\/12\/Vallet-Danse-Organigramme-v2-300x169.png 300w, https:\/\/valletdanse.net\/wp-content\/uploads\/2025\/12\/Vallet-Danse-Organigramme-v2-768x432.png 768w, https:\/\/valletdanse.net\/wp-content\/uploads\/2025\/12\/Vallet-Danse-Organigramme-v2.png 1495w\" sizes=\"auto, (max-width: 1024px) 100vw, 1024px\" \/><\/figure>\n\n\n\n<p class=\"has-white-color has-text-color has-link-color wp-elements-c645e628e62f8fbab9d9726851472d16\"><\/p>\n\n\n\n<hr class=\"wp-block-separator has-text-color has-white-color has-alpha-channel-opacity has-white-background-color has-background\"\/>\n\n\n\n<p class=\"has-text-align-center has-white-color has-text-color has-link-color wp-elements-b76c99fb7b7f21995a4dbc9082e9a627\"><strong>Si vous souhaitez nous rejoindre au sein de l&rsquo;association, vous \u00eates les bienvenus !<\/strong><\/p>\n","protected":false},"excerpt":{"rendered":"<p>Sonia Bouhiron Enseigne le&nbsp;Modern&rsquo;Jazz aux enfants d\u00e8s l&rsquo;\u00e2ge de 4 ans jusqu&rsquo;\u00e0 14 ans, le mercredi et le jeudi.&nbsp;Ainsi que [&hellip;]<\/p>\n","protected":false},"author":1,"featured_media":0,"parent":0,"menu_order":0,"comment_status":"closed","ping_status":"closed","template":"","meta":{"site-sidebar-layout":"default","site-content-layout":"","ast-site-content-layout":"default","site-content-style":"default","site-sidebar-style":"default","ast-global-header-display":"","ast-banner-title-visibility":"","ast-main-header-display":"","ast-hfb-above-header-display":"","ast-hfb-below-header-display":"","ast-hfb-mobile-header-display":"","site-post-title":"","ast-breadcrumbs-content":"","ast-featured-img":"","footer-sml-layout":"","ast-disable-related-posts":"","theme-transparent-header-meta":"","adv-header-id-meta":"","stick-header-meta":"","header-above-stick-meta":"","header-main-stick-meta":"","header-below-stick-meta":"","astra-migrate-meta-layouts":"default","ast-page-background-enabled":"default","ast-page-background-meta":{"desktop":{"background-color":"var(--ast-global-color-5)","background-image":"","background-repeat":"repeat","background-position":"center center","background-size":"auto","background-attachment":"scroll","background-type":"","background-media":"","overlay-type":"","overlay-color":"","overlay-opacity":"","overlay-gradient":""},"tablet":{"background-color":"","background-image":"","background-repeat":"repeat","background-position":"center center","background-size":"auto","background-attachment":"scroll","background-type":"","background-media":"","overlay-type":"","overlay-color":"","overlay-opacity":"","overlay-gradient":""},"mobile":{"background-color":"","background-image":"","background-repeat":"repeat","background-position":"center center","background-size":"auto","background-attachment":"scroll","background-type":"","background-media":"","overlay-type":"","overlay-color":"","overlay-opacity":"","overlay-gradient":""}},"ast-content-background-meta":{"desktop":{"background-color":"var(--ast-global-color-4)","background-image":"","background-repeat":"repeat","background-position":"center center","background-size":"auto","background-attachment":"scroll","background-type":"","background-media":"","overlay-type":"","overlay-color":"","overlay-opacity":"","overlay-gradient":""},"tablet":{"background-color":"var(--ast-global-color-4)","background-image":"","background-repeat":"repeat","background-position":"center center","background-size":"auto","background-attachment":"scroll","background-type":"","background-media":"","overlay-type":"","overlay-color":"","overlay-opacity":"","overlay-gradient":""},"mobile":{"background-color":"var(--ast-global-color-4)","background-image":"","background-repeat":"repeat","background-position":"center center","background-size":"auto","background-attachment":"scroll","background-type":"","background-media":"","overlay-type":"","overlay-color":"","overlay-opacity":"","overlay-gradient":""}},"footnotes":""},"class_list":["post-28","page","type-page","status-publish","hentry"],"_links":{"self":[{"href":"https:\/\/valletdanse.net\/index.php\/wp-json\/wp\/v2\/pages\/28","targetHints":{"allow":["GET"]}}],"collection":[{"href":"https:\/\/valletdanse.net\/index.php\/wp-json\/wp\/v2\/pages"}],"about":[{"href":"https:\/\/valletdanse.net\/index.php\/wp-json\/wp\/v2\/types\/page"}],"author":[{"embeddable":true,"href":"https:\/\/valletdanse.net\/index.php\/wp-json\/wp\/v2\/users\/1"}],"replies":[{"embeddable":true,"href":"https:\/\/valletdanse.net\/index.php\/wp-json\/wp\/v2\/comments?post=28"}],"version-history":[{"count":24,"href":"https:\/\/valletdanse.net\/index.php\/wp-json\/wp\/v2\/pages\/28\/revisions"}],"predecessor-version":[{"id":336,"href":"https:\/\/valletdanse.net\/index.php\/wp-json\/wp\/v2\/pages\/28\/revisions\/336"}],"wp:attachment":[{"href":"https:\/\/valletdanse.net\/index.php\/wp-json\/wp\/v2\/media?parent=28"}],"curies":[{"name":"wp","href":"https:\/\/api.w.org\/{rel}","templated":true}]}}