{"id":74,"date":"2025-07-19T12:26:25","date_gmt":"2025-07-19T12:26:25","guid":{"rendered":"http:\/\/valletdanse.net\/newsite\/?page_id=74"},"modified":"2025-10-10T16:50:01","modified_gmt":"2025-10-10T16:50:01","slug":"les-cours","status":"publish","type":"page","link":"https:\/\/valletdanse.net\/index.php\/les-cours\/","title":{"rendered":"Les Cours"},"content":{"rendered":"\n<div class=\"wp-block-columns is-layout-flex wp-container-core-columns-is-layout-ef06f3fc wp-block-columns-is-layout-flex\">\n<div class=\"wp-block-column is-layout-flow wp-block-column-is-layout-flow\">\n<h2 class=\"wp-block-heading has-text-align-center\"><strong>Danse Contemporaine<\/strong><\/h2>\n\n\n\n<h3 class=\"wp-block-heading has-text-align-center\"><strong>Professeure : Laura Dufour<\/strong><\/h3>\n\n\n\n<p>La DANSE CONTEMPORAINE peut se d\u00e9finir de mille mani\u00e8res, propose un travail corporel riche et sans limite, dans le respect du d\u00e9veloppement de chacun. L&rsquo;imaginaire est au coeur de la discipline, offrant ainsi un espace de libert\u00e9 aux danseurs et d\u00e9veloppe aussi la cr\u00e9ativit\u00e9 de tous. Travail technique, placement du corps sont abord\u00e9s au m\u00eame titre que le travail chor\u00e9graphique, d&rsquo;interpr\u00e9tation, de composition et d&rsquo;improvisation.&nbsp;<\/p>\n\n\n\n<p>Le cours commence par un \u00e9chauffement dans\u00e9, suivi de diff\u00e9rents exercices d\u00e9veloppant la technique du danseur, aboutissant \u00e0 un encha\u00eenement de fin de cours ou une chor\u00e9graphie. Renforcement musculaire et \u00e9tirements finalisant le cours.&nbsp;<\/p>\n\n\n\n<p>L&rsquo;\u00e9veil \u00e0 la danse (d\u00e8s 4 ans)&nbsp;<\/p>\n\n\n\n<p>Ce cours permet \u00e0 l&rsquo;enfant de fa\u00e7on ludique de d\u00e9velopper ses capacit\u00e9s en favorisant l&rsquo;exploration personnelle. Il y d\u00e9couvre les notions fondamentales de la danse tout en stimulant sa cr\u00e9ativit\u00e9.&nbsp;<\/p>\n\n\n\n<p>Inititation \u00e0 la danse (d\u00e8s 6 ans)<\/p>\n\n\n\n<p>Ce cours permet \u00e0 l&rsquo;enfant de poursuivre le d\u00e9veloppement de ses aptitudes cr\u00e9atrices et de sa sensibilit\u00e9. On y aborde les premiers \u00e9l\u00e9ments techniques de danse.&nbsp;<\/p>\n\n\n\n<p class=\"has-vivid-cyan-blue-color has-text-color has-link-color wp-elements-16cf63c149730df98ee9ede95bd3cea4\">Cette discipline est propos\u00e9e de l&rsquo;\u00e9veil aux adultes.&nbsp;<\/p>\n\n\n\n<h2 class=\"wp-block-heading has-text-align-center\"><strong>Modern&rsquo;Jazz&nbsp;<\/strong><\/h2>\n\n\n\n<h3 class=\"wp-block-heading has-text-align-center\"><strong>Professeure : Sonia BOUHIRON<\/strong><\/h3>\n\n\n\n<p>Le MODERN&rsquo;JAZZ r\u00e9pond aux attentes de tous les publics. Il s&rsquo;adresse aussi bien aux enfants d\u00e8s l&rsquo;\u00e2ge de 4 ans (par l&rsquo;\u00e9veil) qu&rsquo;aux adultes.&nbsp;<\/p>\n\n\n\n<p>Danser, c&rsquo;est apprendre la ma\u00eetrise du mouvement, c&rsquo;est partager,\u00a0et danser c&rsquo;est \u00e9galement transmettre des \u00e9motions.\u00a0<\/p>\n\n\n\n<p>Les cours s&rsquo;organisent autour de 3 temps :&nbsp;<\/p>\n\n\n\n<p>-Pr\u00e9paration du corps : \u00e9chauffements, \u00e9tirements, assouplissements,&nbsp;<\/p>\n\n\n\n<p>&#8211; Danse : techniques et chor\u00e9graphies,<\/p>\n\n\n\n<p>&#8211; Relaxation.&nbsp;<\/p>\n\n\n\n<p class=\"has-vivid-cyan-blue-color has-text-color has-link-color wp-elements-4df5d84f7dd1a4cf13b86452767353da\">Cette discipline est propos\u00e9e de l&rsquo;\u00e9veil au lyc\u00e9e.&nbsp;<\/p>\n\n\n\n<h2 class=\"wp-block-heading has-text-align-center\"><strong>Danse Classique<\/strong><\/h2>\n\n\n\n<h3 class=\"wp-block-heading has-text-align-center\"><strong>Professeure :&nbsp;Laura Dufour<\/strong><\/h3>\n\n\n\n<p>H\u00e9riti\u00e8re de la Belle danse fran\u00e7aise, la DANSE CLASSIQUE se veut codifi\u00e9e, avec un certain esth\u00e9tisme, de la rigueur et une ma\u00eftrise corporelle. L&rsquo;apprentissage de cette technique se veut progressive, en lien avec le d\u00e9veloppement physique et physiologique de l&rsquo;enfant.&nbsp;<\/p>\n\n\n\n<p>Le cours commence par un \u00e9chauffement \u00e0 la barre, qui monte en intensit\u00e9, pour rejoindre le milieu et poursuivre l&rsquo;apprentissage dans un autre espace. Placement du corps, alignements, postures dynamiques, appuis, colonne vert\u00e9brale, etc, seront conscientis\u00e9s pour aller vers la technique de Danse Classique. En reconvoquant ce qui aura \u00e9t\u00e9 amen\u00e9 durant le cours, nous aborderons les tours, petits et grands sauts et encha\u00eenements ou chor\u00e9graphie de fin de cours.&nbsp;<\/p>\n\n\n\n<p class=\"has-vivid-cyan-blue-color has-text-color has-link-color wp-elements-4342f496248d1da3ddd60fcbf6a24819\">Ce cours est propos\u00e9 \u00e0 partir de 7 ans.&nbsp;<\/p>\n<\/div>\n\n\n\n<div class=\"wp-block-column is-layout-flow wp-block-column-is-layout-flow\">\n<h2 class=\"wp-block-heading has-text-align-center\"><strong>Fit Dance&nbsp;<\/strong><\/h2>\n\n\n\n<h3 class=\"wp-block-heading has-text-align-center\"><strong>Professeure : Corinne LAVALLOIR<\/strong><\/h3>\n\n\n\n<p>Les Cours de FIT DANCE allient le FITNESS et LA DANSE en proposant un travail et des chor\u00e9graphies qui conjuguent rythme, \u00e9nergie, fluidit\u00e9 et technique, sur des musiques actuelles et dynamiques avec m\u00e9lange des genres chor\u00e9graphiques et musicaux (dancefloor, latino, street-dance, bollywood, disco, kung fu&#8230;)<\/p>\n\n\n\n<p>Le FITNESS offre des chor\u00e9graphies tr\u00e8s cardio, tout en permettant \u00e9galement un travail de renforcement musculaire. Les chor\u00e9graphies int\u00e8grent sauts, impulsions, vitesse et rythme&#8230;&nbsp;<\/p>\n\n\n\n<p>Le contenu des cours repose \u00e9galement sur les fondamentaux de la DANSE et du JAZZ :&nbsp;<\/p>\n\n\n\n<p>&#8211; Apprentissage des bases et des techniques de danse, et de la coordination (d\u00e9boul\u00e9, pirouette, sauts, \u00e9quilibre, travail dans l&rsquo;espace, pas techniques&#8230;),&nbsp;<\/p>\n\n\n\n<p>&#8211; Apprentissage du rythme, des diff\u00e9rents styles musicaux,&nbsp;<\/p>\n\n\n\n<p>&#8211; Ascquisition du placement, du maintien corporel et de l&rsquo;expression sensorielle.&nbsp;<\/p>\n\n\n\n<p>La fin des cours est souvent consacr\u00e9e au stretching : \u00e9tirements et assouplissements pour permettre de gagner en souplesse.&nbsp;<\/p>\n\n\n\n<p>La FIT DANCE (gym dance) est faite pour tous ceux et celles qui aiment danser, bouger et se d\u00e9penser !&#8230;&nbsp;<\/p>\n\n\n\n<p class=\"has-vivid-cyan-blue-color has-text-color has-link-color wp-elements-a0a2d283321bc807471f96d3201400e2\">Ce cours est propos\u00e9 \u00e0 partir du lyc\u00e9e jusqu&rsquo;aux adultes.&nbsp;<strong>&nbsp;<\/strong><\/p>\n\n\n\n<h2 class=\"wp-block-heading has-text-align-center\"><strong>Hip-Hop<\/strong><\/h2>\n\n\n\n<h3 class=\"wp-block-heading has-text-align-center\"><strong>Professeur : Komeng LY<\/strong><\/h3>\n\n\n\n<p>Le breakdance de son vrai nom \u00a0\u00bb b-boying \u00a0\u00bb fait partie de la grande famille des danses HIP-HOP originelles. C&rsquo;est une danse en opposition avec les danses acad\u00e9miques par son originalit\u00e9 que se soit dans les mouvements, les formes, sur la variation des niveaux (sol\/air), dans son impact ou pour terminer dans la spontan\u00e9it\u00e9 d&rsquo;utilisation de ces \u00e9l\u00e9ments.&nbsp;<\/p>\n\n\n\n<p>Les influences lors de sa cr\u00e9ation au cours des ann\u00e9es 70 \u00e0 New York sont puis\u00e9es dans les arts martiaux avec les films de kung\/fu tout nouveau \u00e0 l&rsquo;\u00e9poque sur grand \u00e9cran, ainsi que dans une culture afro-carib\u00e9enne tr\u00e8s pr\u00e9sente dans des quartiers comme le Bronx.&nbsp;<\/p>\n\n\n\n<p>Elle participe \u00e0 la transmission des valeurs de la culture Hip Hop qui pour les rappeler sont : \u00a0\u00bb peace, love, unity and having fun \u00a0\u00bb (paix, amour , famille, plaisir)<\/p>\n\n\n\n<p class=\"has-vivid-cyan-blue-color has-text-color has-link-color wp-elements-3b5550d6cd6af374ea20987ee7b88ac7\">Ce cours est propos\u00e9 de 8 ans aux ados.&nbsp;<\/p>\n\n\n\n<h2 class=\"wp-block-heading has-text-align-center\"><strong>Atelier Cr\u00e9ation Chor\u00e9graphique<\/strong><\/h2>\n\n\n\n<h3 class=\"wp-block-heading has-text-align-center\"><strong>Professeure : Laura Dufour<\/strong><\/h3>\n\n\n\n<p>Ce cours est propos\u00e9 aux adolescents (d\u00e8s le lyc\u00e9e) ainsi qu&rsquo;aux adultes qui souhaitent d\u00e9couvrir, explorer et approfondir leur cr\u00e9ativit\u00e9 au travers du moment dans\u00e9.&nbsp;<\/p>\n\n\n\n<p>Des s\u00e9ances seront ax\u00e9es sur la d\u00e9couverte du travail de diff\u00e9rents chor\u00e9graphes, d&rsquo;autres temps seront consacr\u00e9s \u00e0 une recherche plus personnelle du mouvement avec un travail d&rsquo;improvisation, de m\u00e9morisation voire m\u00eame de composition le tout guid\u00e9 par le professeur. Une grande part de libert\u00e9 sera accord\u00e9e aux danseurs dans ce cours, l&rsquo;objectif \u00e9tant de nourrir sa propre danse, de d\u00e9velopper son sens artistique, d&rsquo;enrichir ses connaissances chor\u00e9graphiques et d&rsquo;approfondir son travail d&rsquo;interpr\u00e9tation.&nbsp;<\/p>\n\n\n\n<p>Ce cours est ouvert aux d\u00e9butants comme aux \u00e9l\u00e8ves plus avanc\u00e9s curieux de d\u00e9couvrir un nouvel espace de travail o\u00f9 spontan\u00e9it\u00e9, cr\u00e9ativit\u00e9 et originalit\u00e9 sont les bienvenus.&nbsp;<\/p>\n\n\n\n<p class=\"has-vivid-cyan-blue-color has-text-color has-link-color wp-elements-2842ea1383dac72b7dbbe1c7deadaca5\">Ce cours est propos\u00e9 \u00e0 partir de 11 ans jusqu&rsquo;aux adultes.<\/p>\n<\/div>\n<\/div>\n","protected":false},"excerpt":{"rendered":"<p>Danse Contemporaine Professeure : Laura Dufour La DANSE CONTEMPORAINE peut se d\u00e9finir de mille mani\u00e8res, propose un travail corporel riche [&hellip;]<\/p>\n","protected":false},"author":2,"featured_media":0,"parent":0,"menu_order":0,"comment_status":"closed","ping_status":"closed","template":"","meta":{"site-sidebar-layout":"default","site-content-layout":"","ast-site-content-layout":"default","site-content-style":"default","site-sidebar-style":"default","ast-global-header-display":"","ast-banner-title-visibility":"","ast-main-header-display":"","ast-hfb-above-header-display":"","ast-hfb-below-header-display":"","ast-hfb-mobile-header-display":"","site-post-title":"","ast-breadcrumbs-content":"","ast-featured-img":"","footer-sml-layout":"","ast-disable-related-posts":"","theme-transparent-header-meta":"","adv-header-id-meta":"","stick-header-meta":"","header-above-stick-meta":"","header-main-stick-meta":"","header-below-stick-meta":"","astra-migrate-meta-layouts":"default","ast-page-background-enabled":"default","ast-page-background-meta":{"desktop":{"background-color":"var(--ast-global-color-5)","background-image":"","background-repeat":"repeat","background-position":"center center","background-size":"auto","background-attachment":"scroll","background-type":"","background-media":"","overlay-type":"","overlay-color":"","overlay-opacity":"","overlay-gradient":""},"tablet":{"background-color":"","background-image":"","background-repeat":"repeat","background-position":"center center","background-size":"auto","background-attachment":"scroll","background-type":"","background-media":"","overlay-type":"","overlay-color":"","overlay-opacity":"","overlay-gradient":""},"mobile":{"background-color":"","background-image":"","background-repeat":"repeat","background-position":"center center","background-size":"auto","background-attachment":"scroll","background-type":"","background-media":"","overlay-type":"","overlay-color":"","overlay-opacity":"","overlay-gradient":""}},"ast-content-background-meta":{"desktop":{"background-color":"var(--ast-global-color-4)","background-image":"","background-repeat":"repeat","background-position":"center center","background-size":"auto","background-attachment":"scroll","background-type":"","background-media":"","overlay-type":"","overlay-color":"","overlay-opacity":"","overlay-gradient":""},"tablet":{"background-color":"var(--ast-global-color-4)","background-image":"","background-repeat":"repeat","background-position":"center center","background-size":"auto","background-attachment":"scroll","background-type":"","background-media":"","overlay-type":"","overlay-color":"","overlay-opacity":"","overlay-gradient":""},"mobile":{"background-color":"var(--ast-global-color-4)","background-image":"","background-repeat":"repeat","background-position":"center center","background-size":"auto","background-attachment":"scroll","background-type":"","background-media":"","overlay-type":"","overlay-color":"","overlay-opacity":"","overlay-gradient":""}},"footnotes":""},"class_list":["post-74","page","type-page","status-publish","hentry"],"_links":{"self":[{"href":"https:\/\/valletdanse.net\/index.php\/wp-json\/wp\/v2\/pages\/74","targetHints":{"allow":["GET"]}}],"collection":[{"href":"https:\/\/valletdanse.net\/index.php\/wp-json\/wp\/v2\/pages"}],"about":[{"href":"https:\/\/valletdanse.net\/index.php\/wp-json\/wp\/v2\/types\/page"}],"author":[{"embeddable":true,"href":"https:\/\/valletdanse.net\/index.php\/wp-json\/wp\/v2\/users\/2"}],"replies":[{"embeddable":true,"href":"https:\/\/valletdanse.net\/index.php\/wp-json\/wp\/v2\/comments?post=74"}],"version-history":[{"count":5,"href":"https:\/\/valletdanse.net\/index.php\/wp-json\/wp\/v2\/pages\/74\/revisions"}],"predecessor-version":[{"id":312,"href":"https:\/\/valletdanse.net\/index.php\/wp-json\/wp\/v2\/pages\/74\/revisions\/312"}],"wp:attachment":[{"href":"https:\/\/valletdanse.net\/index.php\/wp-json\/wp\/v2\/media?parent=74"}],"curies":[{"name":"wp","href":"https:\/\/api.w.org\/{rel}","templated":true}]}}